{"id":1541,"date":"2020-05-28T14:29:12","date_gmt":"2020-05-28T14:29:12","guid":{"rendered":"https:\/\/www.special-films.com\/contact\/"},"modified":"2024-04-19T09:06:06","modified_gmt":"2024-04-19T09:06:06","slug":"contact","status":"publish","type":"page","link":"https:\/\/www.special-films.com\/en\/contact\/","title":{"rendered":"Contact"},"content":{"rendered":"<div class=\"wpb-content-wrapper\"><p>[vc_row full_width=&#8221;stretch_row&#8221; css=&#8221;.vc_custom_1713350266480{margin-top: -70px !important;padding-top: 70px !important;padding-bottom: 70px !important;background-color: #f29730 !important;}&#8221;][vc_column width=&#8221;1\/2&#8243;][vc_column_text]<\/p>\n<h3><span style=\"color: #ffffff;\">LET&#8217;S CHAT!<\/span><\/h3>\n<div style=\"width: 100px; height: 5px; display: block; margin: 10px 0px; background: #ffffff;\"><\/div>\n<p><span style=\"color: #ffffff;\">If you need to contact us, write to us at the email below, visit our offices or call us so that we can assist you.<\/span><\/p>\n<p><span style=\"color: #ffffff;\">You can also check out our social networks if you want to know more about us!<\/span>[\/vc_column_text][\/vc_column][vc_column width=&#8221;1\/2&#8243;]\n<div class=\"wpcf7 no-js\" id=\"wpcf7-f1750-o1\" lang=\"en-US\" dir=\"ltr\" data-wpcf7-id=\"1750\">\n<div class=\"screen-reader-response\"><p role=\"status\" aria-live=\"polite\" aria-atomic=\"true\"><\/p> <ul><\/ul><\/div>\n<form action=\"\/en\/wp-json\/wp\/v2\/pages\/1541#wpcf7-f1750-o1\" method=\"post\" class=\"wpcf7-form init\" aria-label=\"Contact form\" novalidate=\"novalidate\" data-status=\"init\">\n<fieldset class=\"hidden-fields-container\"><input type=\"hidden\" name=\"_wpcf7\" value=\"1750\" \/><input type=\"hidden\" name=\"_wpcf7_version\" value=\"6.1.5\" \/><input type=\"hidden\" name=\"_wpcf7_locale\" value=\"en_US\" \/><input type=\"hidden\" name=\"_wpcf7_unit_tag\" value=\"wpcf7-f1750-o1\" \/><input type=\"hidden\" name=\"_wpcf7_container_post\" value=\"0\" \/><input type=\"hidden\" name=\"_wpcf7_posted_data_hash\" value=\"\" \/>\n<\/fieldset>\n<p><span class=\"wpcf7-form-control-wrap\" data-name=\"Nombre\"><input size=\"40\" maxlength=\"400\" class=\"wpcf7-form-control wpcf7-text wpcf7-validates-as-required\" aria-required=\"true\" aria-invalid=\"false\" placeholder=\"NAME\" value=\"\" type=\"text\" name=\"Nombre\" \/><\/span><br \/>\n<span class=\"wpcf7-form-control-wrap\" data-name=\"Apellidos\"><input size=\"40\" maxlength=\"400\" class=\"wpcf7-form-control wpcf7-text wpcf7-validates-as-required\" aria-required=\"true\" aria-invalid=\"false\" placeholder=\"LAST NAME\" value=\"\" type=\"text\" name=\"Apellidos\" \/><\/span><br \/>\n<span class=\"wpcf7-form-control-wrap\" data-name=\"Empresa\"><input size=\"40\" maxlength=\"400\" class=\"wpcf7-form-control wpcf7-text\" aria-invalid=\"false\" placeholder=\"COMPANY\" value=\"\" type=\"text\" name=\"Empresa\" \/><\/span><br \/>\n<span class=\"wpcf7-form-control-wrap\" data-name=\"Telefono\"><input size=\"40\" maxlength=\"400\" class=\"wpcf7-form-control wpcf7-tel wpcf7-text wpcf7-validates-as-tel\" aria-invalid=\"false\" placeholder=\"TEL.\" value=\"\" type=\"tel\" name=\"Telefono\" \/><\/span><br \/>\n<span class=\"wpcf7-form-control-wrap\" data-name=\"correo\"><input size=\"40\" maxlength=\"400\" class=\"wpcf7-form-control wpcf7-email wpcf7-validates-as-required wpcf7-text wpcf7-validates-as-email\" aria-required=\"true\" aria-invalid=\"false\" placeholder=\"CORREO ELECTR\u00d3NICO\" value=\"\" type=\"email\" name=\"correo\" \/><\/span><br \/>\n<span class=\"wpcf7-form-control-wrap\" data-name=\"Mensaje\"><textarea cols=\"40\" rows=\"10\" maxlength=\"2000\" class=\"wpcf7-form-control wpcf7-textarea wpcf7-validates-as-required\" aria-required=\"true\" aria-invalid=\"false\" placeholder=\"MESSAGE\" name=\"Mensaje\"><\/textarea><\/span><br \/>\n<input class=\"wpcf7-form-control wpcf7-submit has-spinner\" type=\"submit\" value=\"ENVIAR\" \/><br \/>\n<span class=\"wpcf7-form-control-wrap\" data-name=\"Robot\"><span class=\"wpcf7-form-control wpcf7-checkbox wpcf7-validates-as-required\"><span class=\"wpcf7-list-item first last\"><input type=\"checkbox\" name=\"Robot[]\" value=\"No soy un robot\" \/><span class=\"wpcf7-list-item-label\">No soy un robot<\/span><\/span><\/span><\/span><br \/>\n<span style=\"color:#fff;\"><span class=\"wpcf7-form-control-wrap\" data-name=\"Privacidad\"><span class=\"wpcf7-form-control wpcf7-checkbox\"><span class=\"wpcf7-list-item first last\"><input type=\"checkbox\" name=\"Privacidad[]\" value=\"\" \/><span class=\"wpcf7-list-item-label\"><\/span><\/span><\/span><\/span> I have read and accept <a href=\"https:\/\/www.special-films.com\/datos-formulario-web\/\" target=\"_blank\" style=\"color:#fff;\">the privacy policies<\/a> <\/span>\n<\/p><p style=\"display: none !important;\" class=\"akismet-fields-container\" data-prefix=\"_wpcf7_ak_\"><label>&#916;<textarea name=\"_wpcf7_ak_hp_textarea\" cols=\"45\" rows=\"8\" maxlength=\"100\"><\/textarea><\/label><input type=\"hidden\" id=\"ak_js_1\" name=\"_wpcf7_ak_js\" value=\"125\"\/><script>\ndocument.getElementById( \"ak_js_1\" ).setAttribute( \"value\", ( new Date() ).getTime() );\n<\/script>\n<\/p><div class=\"wpcf7-response-output\" aria-hidden=\"true\"><\/div>\n<\/form>\n<\/div>\n[\/vc_column][\/vc_row][vc_row full_width=&#8221;stretch_row_content_no_spaces&#8221; css=&#8221;.vc_custom_1590676712664{margin-top: -70px !important;}&#8221;][vc_column][vc_gmaps link=&#8221;#E-8_JTNDaWZyYW1lJTIwc3JjJTNEJTIyaHR0cHMlM0ElMkYlMkZ3d3cuZ29vZ2xlLmNvbSUyRm1hcHMlMkZlbWJlZCUzRnBiJTNEJTIxMW0xOCUyMTFtMTIlMjExbTMlMjExZDI5ODYuNzk4ODc5Mzc1NDQwMyUyMTJkMi40MzUyMjA2MTU0MzAyMzElMjEzZDQxLjUzMDI5Njk3OTI1MTMwNCUyMTJtMyUyMTFmMCUyMTJmMCUyMTNmMCUyMTNtMiUyMTFpMTAyNCUyMTJpNzY4JTIxNGYxMy4xJTIxM20zJTIxMW0yJTIxMXMweDEyYTRiNGU2Y2QxZDkwNTklMjUzQTB4NGZmZWMyYjhiNTM5YjI2MyUyMTJzJTI1QzMlMjU4MFRJQyUyNTIwQ293b3JraW5nJTI1MjBCdXNpbmVzcyUyNTIwQ2VudGVyJTIxNWUwJTIxM20yJTIxMXNlcyUyMTJzZXMlMjE0djE1OTA2NzY4Mjc0ODYlMjE1bTIlMjExc2VzJTIxMnNlcyUyMiUyMHdpZHRoJTNEJTIyNjAwJTIyJTIwaGVpZ2h0JTNEJTIyNDUwJTIyJTIwZnJhbWVib3JkZXIlM0QlMjIwJTIyJTIwc3R5bGUlM0QlMjJib3JkZXIlM0EwJTNCJTIyJTIwYWxsb3dmdWxsc2NyZWVuJTNEJTIyJTIyJTIwYXJpYS1oaWRkZW4lM0QlMjJmYWxzZSUyMiUyMHRhYmluZGV4JTNEJTIyMCUyMiUzRSUzQyUyRmlmcmFtZSUzRQ==&#8221;][\/vc_column][\/vc_row][vc_row gap=&#8221;35&#8243; equal_height=&#8221;yes&#8221; content_placement=&#8221;middle&#8221;][vc_column width=&#8221;2\/3&#8243; css=&#8221;.vc_custom_1590676514130{padding-right: 70px !important;}&#8221;][vc_column_text]<\/p>\n<h3>CONTACT US<\/h3>\n<div id=\"separator\"><\/div>\n<p>If you need to contact us, write to us at the email below, visit our offices or call us so that we can assist you.<\/p>\n<p>You can also check out our social networks if you want to know more about us![\/vc_column_text][\/vc_column][vc_column width=&#8221;1\/3&#8243;][vc_column_text]<strong>TELEPHONE<\/strong><br \/>\n+34 93 159 80 21<\/p>\n<p><strong>MAIL<\/strong><br \/>\n<a href=\"mailto:info@special-films.com\" target=\"_blank\" rel=\"noopener noreferrer\">info@special-films.com<\/a><\/p>\n<p><strong>MANAGEMENT<\/strong><br \/>\nC\/Balan\u00e7\u00f3 i Boter, 22 \u00c0tic<br \/>\n08302 MATAR\u00d3 (BARCELONA), SPAIN.I[\/vc_column_text][\/vc_column][\/vc_row]<\/p>\n<\/div>","protected":false},"excerpt":{"rendered":"<p>[vc_row full_width=&#8221;stretch_row&#8221; css=&#8221;.vc_custom_1713350266480{margin-top: -70px !important;padding-top: 70px !important;padding-bottom: 70px !important;background-color: #f29730 !important;}&#8221;][vc_column width=&#8221;1\/2&#8243;][vc_column_text] LET&#8217;S CHAT! If you need to contact us, write to us at the email below, visit our offices or call us so that we can assist you. You can also check out our social networks if you want to know more about us![\/vc_column_text][\/vc_column][vc_column&hellip;<\/p>\n","protected":false},"author":1,"featured_media":0,"parent":0,"menu_order":0,"comment_status":"closed","ping_status":"closed","template":"","meta":{"footnotes":""},"class_list":["post-1541","page","type-page","status-publish","hentry","description-off"],"aioseo_notices":[],"_links":{"self":[{"href":"https:\/\/www.special-films.com\/en\/wp-json\/wp\/v2\/pages\/1541","targetHints":{"allow":["GET"]}}],"collection":[{"href":"https:\/\/www.special-films.com\/en\/wp-json\/wp\/v2\/pages"}],"about":[{"href":"https:\/\/www.special-films.com\/en\/wp-json\/wp\/v2\/types\/page"}],"author":[{"embeddable":true,"href":"https:\/\/www.special-films.com\/en\/wp-json\/wp\/v2\/users\/1"}],"replies":[{"embeddable":true,"href":"https:\/\/www.special-films.com\/en\/wp-json\/wp\/v2\/comments?post=1541"}],"version-history":[{"count":9,"href":"https:\/\/www.special-films.com\/en\/wp-json\/wp\/v2\/pages\/1541\/revisions"}],"predecessor-version":[{"id":1952,"href":"https:\/\/www.special-films.com\/en\/wp-json\/wp\/v2\/pages\/1541\/revisions\/1952"}],"wp:attachment":[{"href":"https:\/\/www.special-films.com\/en\/wp-json\/wp\/v2\/media?parent=1541"}],"curies":[{"name":"wp","href":"https:\/\/api.w.org\/{rel}","templated":true}]}}